{"id":13828,"date":"2024-10-23T14:07:03","date_gmt":"2024-10-23T12:07:03","guid":{"rendered":"https:\/\/azurally.com\/a-importancia-do-atributo-alt"},"modified":"2026-02-26T10:55:50","modified_gmt":"2026-02-26T09:55:50","slug":"importancia-atributo-alt","status":"publish","type":"page","link":"https:\/\/azurally.com\/pt\/agencia-digital\/seo\/artigos-seo\/importancia-atributo-alt","title":{"rendered":"Import\u00e2ncia do Atributo ALT no SEO"},"content":{"rendered":"","protected":false},"excerpt":{"rendered":"<p>J\u00e1 alguma vez procuraste uma imagem no Google Imagens e acabaste no s\u00edtio Web onde ela est\u00e1 publicada? A tua resposta \u00e9 provavelmente sim. Se tens um s\u00edtio Web, provavelmente queres que os utilizadores que procuram imagens relacionadas com o que ofereces acabem tamb\u00e9m no teu s\u00edtio. O atributo ALT desempenha um papel fundamental para o conseguir; descobre porqu\u00ea e como podes optimiz\u00e1-lo para classificar uma das tuas imagens e, consequentemente, o teu s\u00edtio Web, no Google Imagens e noutras sec\u00e7\u00f5es de pesquisa de imagens de outros motores de busca.   <\/p>\n","protected":false},"author":4,"featured_media":13830,"parent":13896,"menu_order":0,"comment_status":"closed","ping_status":"closed","template":"page-publicacion.php","meta":{"_acf_changed":false,"footnotes":""},"categories":[428,429,444],"class_list":["post-13828","page","type-page","status-publish","has-post-thumbnail","hentry","category-publicacoes","category-artigos-seo","category-artigos-seo-2"],"acf":[],"_links":{"self":[{"href":"https:\/\/azurally.com\/pt\/wp-json\/wp\/v2\/pages\/13828","targetHints":{"allow":["GET"]}}],"collection":[{"href":"https:\/\/azurally.com\/pt\/wp-json\/wp\/v2\/pages"}],"about":[{"href":"https:\/\/azurally.com\/pt\/wp-json\/wp\/v2\/types\/page"}],"author":[{"embeddable":true,"href":"https:\/\/azurally.com\/pt\/wp-json\/wp\/v2\/users\/4"}],"replies":[{"embeddable":true,"href":"https:\/\/azurally.com\/pt\/wp-json\/wp\/v2\/comments?post=13828"}],"version-history":[{"count":0,"href":"https:\/\/azurally.com\/pt\/wp-json\/wp\/v2\/pages\/13828\/revisions"}],"up":[{"embeddable":true,"href":"https:\/\/azurally.com\/pt\/wp-json\/wp\/v2\/pages\/13896"}],"wp:featuredmedia":[{"embeddable":true,"href":"https:\/\/azurally.com\/pt\/wp-json\/wp\/v2\/media\/13830"}],"wp:attachment":[{"href":"https:\/\/azurally.com\/pt\/wp-json\/wp\/v2\/media?parent=13828"}],"wp:term":[{"taxonomy":"category","embeddable":true,"href":"https:\/\/azurally.com\/pt\/wp-json\/wp\/v2\/categories?post=13828"}],"curies":[{"name":"wp","href":"https:\/\/api.w.org\/{rel}","templated":true}]}}