{"id":13824,"date":"2024-10-23T13:53:22","date_gmt":"2024-10-23T11:53:22","guid":{"rendered":"https:\/\/azurally.com\/pesquisa-por-voz-e-como-adaptar-a-tua-seo-a-essa-pesquisa"},"modified":"2026-02-25T17:42:31","modified_gmt":"2026-02-25T16:42:31","slug":"pesquisa-voz-como-adaptar-seo-novo-paradigma","status":"publish","type":"page","link":"https:\/\/azurally.com\/pt\/agencia-digital\/seo\/artigos-seo\/pesquisa-voz-como-adaptar-seo-novo-paradigma","title":{"rendered":"Pesquisa por Voz: Novo Paradigma do SEO"},"content":{"rendered":"","protected":false},"excerpt":{"rendered":"<p>A ascens\u00e3o das tecnologias de reconhecimento de voz, como a Alexa, Cortana ou Siri, ou a implementa\u00e7\u00e3o de uma op\u00e7\u00e3o de pesquisa por voz pelo Google, come\u00e7ou a revolucionar o mundo da SEO. As pesquisas por voz afectam a SEO e utilizam palavras-chave diferentes das pesquisas por texto escrito. <\/p>\n","protected":false},"author":4,"featured_media":13825,"parent":13896,"menu_order":0,"comment_status":"closed","ping_status":"closed","template":"page-publicacion.php","meta":{"_acf_changed":false,"footnotes":""},"categories":[428,429,444],"class_list":["post-13824","page","type-page","status-publish","has-post-thumbnail","hentry","category-publicacoes","category-artigos-seo","category-artigos-seo-2"],"acf":[],"_links":{"self":[{"href":"https:\/\/azurally.com\/pt\/wp-json\/wp\/v2\/pages\/13824","targetHints":{"allow":["GET"]}}],"collection":[{"href":"https:\/\/azurally.com\/pt\/wp-json\/wp\/v2\/pages"}],"about":[{"href":"https:\/\/azurally.com\/pt\/wp-json\/wp\/v2\/types\/page"}],"author":[{"embeddable":true,"href":"https:\/\/azurally.com\/pt\/wp-json\/wp\/v2\/users\/4"}],"replies":[{"embeddable":true,"href":"https:\/\/azurally.com\/pt\/wp-json\/wp\/v2\/comments?post=13824"}],"version-history":[{"count":0,"href":"https:\/\/azurally.com\/pt\/wp-json\/wp\/v2\/pages\/13824\/revisions"}],"up":[{"embeddable":true,"href":"https:\/\/azurally.com\/pt\/wp-json\/wp\/v2\/pages\/13896"}],"wp:featuredmedia":[{"embeddable":true,"href":"https:\/\/azurally.com\/pt\/wp-json\/wp\/v2\/media\/13825"}],"wp:attachment":[{"href":"https:\/\/azurally.com\/pt\/wp-json\/wp\/v2\/media?parent=13824"}],"wp:term":[{"taxonomy":"category","embeddable":true,"href":"https:\/\/azurally.com\/pt\/wp-json\/wp\/v2\/categories?post=13824"}],"curies":[{"name":"wp","href":"https:\/\/api.w.org\/{rel}","templated":true}]}}