{"id":13823,"date":"2024-10-23T15:37:57","date_gmt":"2024-10-23T13:37:57","guid":{"rendered":"https:\/\/azurally.com\/ja-verificaste-a-tua-pagina-do-linkedin-ve-porque-e-que-isso-e-importante"},"modified":"2026-02-26T09:36:31","modified_gmt":"2026-02-26T08:36:31","slug":"verificacao-pagina-linkedin-porque-e-importante","status":"publish","type":"page","link":"https:\/\/azurally.com\/pt\/agencia-digital\/redes-sociais\/artigos-redes-sociais\/verificacao-pagina-linkedin-porque-e-importante","title":{"rendered":"Verifica\u00e7\u00e3o de P\u00e1gina LinkedIn: Import\u00e2ncia"},"content":{"rendered":"","protected":false},"excerpt":{"rendered":"<p>Linkedin, a rede social que mostra o nosso perfil profissional, \u00e9 uma ferramenta poderosa para nos ligarmos \u00e0 comunidade global da nossa profiss\u00e3o e a potenciais clientes. Os seus utilizadores continuam a crescer e, em 2023, atingiram 746 milh\u00f5es, um n\u00famero que dever\u00e1 ultrapassar os 800 dentro de alguns anos.  A sua capacidade de promover o trabalho em rede, tanto para empresas como para indiv\u00edduos, foi amplamente demonstrada. De certeza que j\u00e1 reparaste que a plataforma sugere que verifiques o teu perfil. \u00c9 importante faz\u00ea-lo? D\u00e1 uma vista de olhos.   <\/p>\n","protected":false},"author":6,"featured_media":13827,"parent":13917,"menu_order":0,"comment_status":"closed","ping_status":"closed","template":"page-publicacion.php","meta":{"_acf_changed":false,"footnotes":""},"categories":[428,447,448],"class_list":["post-13823","page","type-page","status-publish","has-post-thumbnail","hentry","category-publicacoes","category-artigos-redes-sociais","category-artigos-redes-sociais-2"],"acf":[],"_links":{"self":[{"href":"https:\/\/azurally.com\/pt\/wp-json\/wp\/v2\/pages\/13823","targetHints":{"allow":["GET"]}}],"collection":[{"href":"https:\/\/azurally.com\/pt\/wp-json\/wp\/v2\/pages"}],"about":[{"href":"https:\/\/azurally.com\/pt\/wp-json\/wp\/v2\/types\/page"}],"author":[{"embeddable":true,"href":"https:\/\/azurally.com\/pt\/wp-json\/wp\/v2\/users\/6"}],"replies":[{"embeddable":true,"href":"https:\/\/azurally.com\/pt\/wp-json\/wp\/v2\/comments?post=13823"}],"version-history":[{"count":0,"href":"https:\/\/azurally.com\/pt\/wp-json\/wp\/v2\/pages\/13823\/revisions"}],"up":[{"embeddable":true,"href":"https:\/\/azurally.com\/pt\/wp-json\/wp\/v2\/pages\/13917"}],"wp:featuredmedia":[{"embeddable":true,"href":"https:\/\/azurally.com\/pt\/wp-json\/wp\/v2\/media\/13827"}],"wp:attachment":[{"href":"https:\/\/azurally.com\/pt\/wp-json\/wp\/v2\/media?parent=13823"}],"wp:term":[{"taxonomy":"category","embeddable":true,"href":"https:\/\/azurally.com\/pt\/wp-json\/wp\/v2\/categories?post=13823"}],"curies":[{"name":"wp","href":"https:\/\/api.w.org\/{rel}","templated":true}]}}