{"id":13812,"date":"2024-10-23T12:58:27","date_gmt":"2024-10-23T10:58:27","guid":{"rendered":"https:\/\/azurally.com\/que-ferramenta-de-escuta-de-redes-sociais-se-adequa-as-tuas-necessidades-aqui-tens-tres"},"modified":"2026-02-26T09:39:34","modified_gmt":"2026-02-26T08:39:34","slug":"ferramenta-social-listening-necessidades","status":"publish","type":"page","link":"https:\/\/azurally.com\/pt\/agencia-digital\/redes-sociais\/artigos-redes-sociais\/ferramenta-social-listening-necessidades","title":{"rendered":"Ferramentas de Social Listening: Escolha Ideal"},"content":{"rendered":"","protected":false},"excerpt":{"rendered":"<p>\u00c9 \u00f3bvio: um com\u00e9rcio eletr\u00f3nico de artigos para o lar n\u00e3o \u00e9 o mesmo que uma marca governamental ou um servi\u00e7o local de fast food. Cada cen\u00e1rio envolve um investimento diferente de tempo e esfor\u00e7o e, claro, a utiliza\u00e7\u00e3o de ferramentas mais ou menos robustas. <\/p>\n","protected":false},"author":6,"featured_media":13814,"parent":13917,"menu_order":0,"comment_status":"closed","ping_status":"closed","template":"page-publicacion.php","meta":{"_acf_changed":false,"footnotes":""},"categories":[428,447,448],"class_list":["post-13812","page","type-page","status-publish","has-post-thumbnail","hentry","category-publicacoes","category-artigos-redes-sociais","category-artigos-redes-sociais-2"],"acf":[],"_links":{"self":[{"href":"https:\/\/azurally.com\/pt\/wp-json\/wp\/v2\/pages\/13812","targetHints":{"allow":["GET"]}}],"collection":[{"href":"https:\/\/azurally.com\/pt\/wp-json\/wp\/v2\/pages"}],"about":[{"href":"https:\/\/azurally.com\/pt\/wp-json\/wp\/v2\/types\/page"}],"author":[{"embeddable":true,"href":"https:\/\/azurally.com\/pt\/wp-json\/wp\/v2\/users\/6"}],"replies":[{"embeddable":true,"href":"https:\/\/azurally.com\/pt\/wp-json\/wp\/v2\/comments?post=13812"}],"version-history":[{"count":0,"href":"https:\/\/azurally.com\/pt\/wp-json\/wp\/v2\/pages\/13812\/revisions"}],"up":[{"embeddable":true,"href":"https:\/\/azurally.com\/pt\/wp-json\/wp\/v2\/pages\/13917"}],"wp:featuredmedia":[{"embeddable":true,"href":"https:\/\/azurally.com\/pt\/wp-json\/wp\/v2\/media\/13814"}],"wp:attachment":[{"href":"https:\/\/azurally.com\/pt\/wp-json\/wp\/v2\/media?parent=13812"}],"wp:term":[{"taxonomy":"category","embeddable":true,"href":"https:\/\/azurally.com\/pt\/wp-json\/wp\/v2\/categories?post=13812"}],"curies":[{"name":"wp","href":"https:\/\/api.w.org\/{rel}","templated":true}]}}