{"id":13811,"date":"2024-10-23T15:25:55","date_gmt":"2024-10-23T13:25:55","guid":{"rendered":"https:\/\/azurally.com\/uma-experiencia-unica-em-corridas-eficientes"},"modified":"2026-02-26T09:38:01","modified_gmt":"2026-02-26T08:38:01","slug":"experiencia-corridas-eficientes-northgate","status":"publish","type":"page","link":"https:\/\/azurally.com\/pt\/agencia-digital\/redes-sociais\/artigos-redes-sociais\/experiencia-corridas-eficientes-northgate","title":{"rendered":"Uma Experi\u00eancia \u00danica em Corridas Eficientes"},"content":{"rendered":"","protected":false},"excerpt":{"rendered":"<p>Logo pela manh\u00e3. O Circuito de Jarama abre os seus port\u00f5es, os eficientes ve\u00edculos de \u00faltima gera\u00e7\u00e3o da <a href=\"https:\/\/www.northgate.es\/renting-flexible\">Northgate Renting Flexible<\/a> est\u00e3o na grelha de partida, os pilotos chegam ao recinto. <strong>A equipa de comunica\u00e7\u00e3o da Artelier Comunicaci\u00f3n<\/strong> (Azurally) <strong>est\u00e1 pronta para um dia cheio de emo\u00e7\u00f5es, experi\u00eancias e rela\u00e7\u00f5es com jornalistas e meios de comunica\u00e7\u00e3o. O objetivo?<\/strong> Sensibilizar para a efici\u00eancia ambiental e ensinar t\u00e9cnicas de condu\u00e7\u00e3o segura. <\/p>\n","protected":false},"author":6,"featured_media":13813,"parent":13917,"menu_order":0,"comment_status":"closed","ping_status":"closed","template":"page-publicacion.php","meta":{"_acf_changed":false,"footnotes":""},"categories":[428,447,448],"class_list":["post-13811","page","type-page","status-publish","has-post-thumbnail","hentry","category-publicacoes","category-artigos-redes-sociais","category-artigos-redes-sociais-2"],"acf":[],"_links":{"self":[{"href":"https:\/\/azurally.com\/pt\/wp-json\/wp\/v2\/pages\/13811","targetHints":{"allow":["GET"]}}],"collection":[{"href":"https:\/\/azurally.com\/pt\/wp-json\/wp\/v2\/pages"}],"about":[{"href":"https:\/\/azurally.com\/pt\/wp-json\/wp\/v2\/types\/page"}],"author":[{"embeddable":true,"href":"https:\/\/azurally.com\/pt\/wp-json\/wp\/v2\/users\/6"}],"replies":[{"embeddable":true,"href":"https:\/\/azurally.com\/pt\/wp-json\/wp\/v2\/comments?post=13811"}],"version-history":[{"count":0,"href":"https:\/\/azurally.com\/pt\/wp-json\/wp\/v2\/pages\/13811\/revisions"}],"up":[{"embeddable":true,"href":"https:\/\/azurally.com\/pt\/wp-json\/wp\/v2\/pages\/13917"}],"wp:featuredmedia":[{"embeddable":true,"href":"https:\/\/azurally.com\/pt\/wp-json\/wp\/v2\/media\/13813"}],"wp:attachment":[{"href":"https:\/\/azurally.com\/pt\/wp-json\/wp\/v2\/media?parent=13811"}],"wp:term":[{"taxonomy":"category","embeddable":true,"href":"https:\/\/azurally.com\/pt\/wp-json\/wp\/v2\/categories?post=13811"}],"curies":[{"name":"wp","href":"https:\/\/api.w.org\/{rel}","templated":true}]}}