{"id":13801,"date":"2024-10-23T12:38:47","date_gmt":"2024-10-23T10:38:47","guid":{"rendered":"https:\/\/azurally.com\/twitch-e-marcas-ii"},"modified":"2026-02-26T09:40:31","modified_gmt":"2026-02-26T08:40:31","slug":"twitch-marcas-ii","status":"publish","type":"page","link":"https:\/\/azurally.com\/pt\/agencia-digital\/redes-sociais\/artigos-redes-sociais\/twitch-marcas-ii","title":{"rendered":"Twitch e Marcas"},"content":{"rendered":"","protected":false},"excerpt":{"rendered":"<p>Intera\u00e7\u00e3o com os millennials e centennials. As gera\u00e7\u00f5es mais jovens s\u00e3o um p\u00fablico atrativo para muitas marcas, uma vez que t\u00eam uma forte capacidade de influenciar o mercado. Cinquenta e cinco por cento dos utilizadores da rede de v\u00eddeo da Amazon t\u00eam entre 18 e 34 anos, o que a torna um dos melhores locais para atingir este p\u00fablico com precis\u00e3o.  <\/p>\n","protected":false},"author":6,"featured_media":13802,"parent":13917,"menu_order":0,"comment_status":"closed","ping_status":"closed","template":"page-publicacion.php","meta":{"_acf_changed":false,"footnotes":""},"categories":[428,447,448],"class_list":["post-13801","page","type-page","status-publish","has-post-thumbnail","hentry","category-publicacoes","category-artigos-redes-sociais","category-artigos-redes-sociais-2"],"acf":[],"_links":{"self":[{"href":"https:\/\/azurally.com\/pt\/wp-json\/wp\/v2\/pages\/13801","targetHints":{"allow":["GET"]}}],"collection":[{"href":"https:\/\/azurally.com\/pt\/wp-json\/wp\/v2\/pages"}],"about":[{"href":"https:\/\/azurally.com\/pt\/wp-json\/wp\/v2\/types\/page"}],"author":[{"embeddable":true,"href":"https:\/\/azurally.com\/pt\/wp-json\/wp\/v2\/users\/6"}],"replies":[{"embeddable":true,"href":"https:\/\/azurally.com\/pt\/wp-json\/wp\/v2\/comments?post=13801"}],"version-history":[{"count":0,"href":"https:\/\/azurally.com\/pt\/wp-json\/wp\/v2\/pages\/13801\/revisions"}],"up":[{"embeddable":true,"href":"https:\/\/azurally.com\/pt\/wp-json\/wp\/v2\/pages\/13917"}],"wp:featuredmedia":[{"embeddable":true,"href":"https:\/\/azurally.com\/pt\/wp-json\/wp\/v2\/media\/13802"}],"wp:attachment":[{"href":"https:\/\/azurally.com\/pt\/wp-json\/wp\/v2\/media?parent=13801"}],"wp:term":[{"taxonomy":"category","embeddable":true,"href":"https:\/\/azurally.com\/pt\/wp-json\/wp\/v2\/categories?post=13801"}],"curies":[{"name":"wp","href":"https:\/\/api.w.org\/{rel}","templated":true}]}}