{"id":13798,"date":"2024-10-22T16:44:06","date_gmt":"2024-10-22T14:44:06","guid":{"rendered":"https:\/\/azurally.com\/inteligencia-artificial-ia-e-seo-tudo-o-que-precisas-de-saber"},"modified":"2026-02-25T17:45:11","modified_gmt":"2026-02-25T16:45:11","slug":"ia-seo-tudo-que-precisa-de-saber","status":"publish","type":"page","link":"https:\/\/azurally.com\/pt\/agencia-digital\/seo\/artigos-seo\/ia-seo-tudo-que-precisa-de-saber","title":{"rendered":"IA e SEO: Tudo o que Precisa de Saber"},"content":{"rendered":"","protected":false},"excerpt":{"rendered":"<p>Como \u00e9 que a Intelig\u00eancia Artificial pode afetar a SEO? Substitui a palavra &#8220;SEO&#8221; por uma grande variedade de especialidades no \u00e2mbito do marketing digital e n\u00e3o s\u00f3, e est\u00e1s perante uma quest\u00e3o que se tornou um dos debates mais intrigantes de 2023. <\/p>\n","protected":false},"author":4,"featured_media":13773,"parent":13896,"menu_order":0,"comment_status":"closed","ping_status":"closed","template":"page-publicacion.php","meta":{"_acf_changed":false,"footnotes":""},"categories":[428,429,444],"class_list":["post-13798","page","type-page","status-publish","has-post-thumbnail","hentry","category-publicacoes","category-artigos-seo","category-artigos-seo-2"],"acf":[],"_links":{"self":[{"href":"https:\/\/azurally.com\/pt\/wp-json\/wp\/v2\/pages\/13798","targetHints":{"allow":["GET"]}}],"collection":[{"href":"https:\/\/azurally.com\/pt\/wp-json\/wp\/v2\/pages"}],"about":[{"href":"https:\/\/azurally.com\/pt\/wp-json\/wp\/v2\/types\/page"}],"author":[{"embeddable":true,"href":"https:\/\/azurally.com\/pt\/wp-json\/wp\/v2\/users\/4"}],"replies":[{"embeddable":true,"href":"https:\/\/azurally.com\/pt\/wp-json\/wp\/v2\/comments?post=13798"}],"version-history":[{"count":0,"href":"https:\/\/azurally.com\/pt\/wp-json\/wp\/v2\/pages\/13798\/revisions"}],"up":[{"embeddable":true,"href":"https:\/\/azurally.com\/pt\/wp-json\/wp\/v2\/pages\/13896"}],"wp:featuredmedia":[{"embeddable":true,"href":"https:\/\/azurally.com\/pt\/wp-json\/wp\/v2\/media\/13773"}],"wp:attachment":[{"href":"https:\/\/azurally.com\/pt\/wp-json\/wp\/v2\/media?parent=13798"}],"wp:term":[{"taxonomy":"category","embeddable":true,"href":"https:\/\/azurally.com\/pt\/wp-json\/wp\/v2\/categories?post=13798"}],"curies":[{"name":"wp","href":"https:\/\/api.w.org\/{rel}","templated":true}]}}