{"id":13790,"date":"2024-10-23T10:29:24","date_gmt":"2024-10-23T08:29:24","guid":{"rendered":"https:\/\/azurally.com\/como-e-que-a-inteligencia-artificial-ia-afecta-a-seo-do-google"},"modified":"2026-02-25T17:44:19","modified_gmt":"2026-02-25T16:44:19","slug":"como-ia-afeta-seo-google","status":"publish","type":"page","link":"https:\/\/azurally.com\/pt\/agencia-digital\/seo\/artigos-seo\/como-ia-afeta-seo-google","title":{"rendered":"IA e SEO no Google: Impacto e Tend\u00eancias"},"content":{"rendered":"","protected":false},"excerpt":{"rendered":"<p>A IA que alimenta a pesquisa do Google est\u00e1 optimizada para fornecer o melhor resultado para cada consulta. Isto significa a resposta de pesquisa mais \u00fatil e a maior qualidade poss\u00edvel de respostas e liga\u00e7\u00f5es, tanto em termos de conte\u00fado como de experi\u00eancia do s\u00edtio. Independentemente do Bard, a Google melhora o seu algoritmo todos os dias com sub-algoritmos que abordam quest\u00f5es espec\u00edficas.  <\/p>\n","protected":false},"author":4,"featured_media":13793,"parent":13896,"menu_order":0,"comment_status":"closed","ping_status":"closed","template":"page-publicacion.php","meta":{"_acf_changed":false,"footnotes":""},"categories":[428,429,444],"class_list":["post-13790","page","type-page","status-publish","has-post-thumbnail","hentry","category-publicacoes","category-artigos-seo","category-artigos-seo-2"],"acf":[],"_links":{"self":[{"href":"https:\/\/azurally.com\/pt\/wp-json\/wp\/v2\/pages\/13790","targetHints":{"allow":["GET"]}}],"collection":[{"href":"https:\/\/azurally.com\/pt\/wp-json\/wp\/v2\/pages"}],"about":[{"href":"https:\/\/azurally.com\/pt\/wp-json\/wp\/v2\/types\/page"}],"author":[{"embeddable":true,"href":"https:\/\/azurally.com\/pt\/wp-json\/wp\/v2\/users\/4"}],"replies":[{"embeddable":true,"href":"https:\/\/azurally.com\/pt\/wp-json\/wp\/v2\/comments?post=13790"}],"version-history":[{"count":0,"href":"https:\/\/azurally.com\/pt\/wp-json\/wp\/v2\/pages\/13790\/revisions"}],"up":[{"embeddable":true,"href":"https:\/\/azurally.com\/pt\/wp-json\/wp\/v2\/pages\/13896"}],"wp:featuredmedia":[{"embeddable":true,"href":"https:\/\/azurally.com\/pt\/wp-json\/wp\/v2\/media\/13793"}],"wp:attachment":[{"href":"https:\/\/azurally.com\/pt\/wp-json\/wp\/v2\/media?parent=13790"}],"wp:term":[{"taxonomy":"category","embeddable":true,"href":"https:\/\/azurally.com\/pt\/wp-json\/wp\/v2\/categories?post=13790"}],"curies":[{"name":"wp","href":"https:\/\/api.w.org\/{rel}","templated":true}]}}