{"id":13789,"date":"2024-10-22T16:33:46","date_gmt":"2024-10-22T14:33:46","guid":{"rendered":"https:\/\/azurally.com\/como-e-que-a-cor-afecta-a-publicidade"},"modified":"2026-02-26T09:44:45","modified_gmt":"2026-02-26T08:44:45","slug":"impacto-cor-publicidade","status":"publish","type":"page","link":"https:\/\/azurally.com\/pt\/agencia-digital\/criatividade\/artigos-criatividade\/impacto-cor-publicidade","title":{"rendered":"Impacto da Cor na Publicidade"},"content":{"rendered":"","protected":false},"excerpt":{"rendered":"<p>Escolher a cor para uma marca n\u00e3o \u00e9 tarefa f\u00e1cil. \u00c9 um fator importante a ter em conta porque real\u00e7a a personalidade da marca e tamb\u00e9m influencia as emo\u00e7\u00f5es que esta gera nas pessoas. Por esta raz\u00e3o, \u00e9 necess\u00e1rio ter em conta qual a cor que melhor se adapta \u00e0 ess\u00eancia que queres transmitir em fun\u00e7\u00e3o do uso que queres dar \u00e0 marca.  <\/p>\n","protected":false},"author":6,"featured_media":13791,"parent":13923,"menu_order":0,"comment_status":"closed","ping_status":"closed","template":"page-publicacion.php","meta":{"_acf_changed":false,"footnotes":""},"categories":[428,445,446],"class_list":["post-13789","page","type-page","status-publish","has-post-thumbnail","hentry","category-publicacoes","category-publicacoes-criatividade","category-publicacoes-de-criatividade"],"acf":[],"_links":{"self":[{"href":"https:\/\/azurally.com\/pt\/wp-json\/wp\/v2\/pages\/13789","targetHints":{"allow":["GET"]}}],"collection":[{"href":"https:\/\/azurally.com\/pt\/wp-json\/wp\/v2\/pages"}],"about":[{"href":"https:\/\/azurally.com\/pt\/wp-json\/wp\/v2\/types\/page"}],"author":[{"embeddable":true,"href":"https:\/\/azurally.com\/pt\/wp-json\/wp\/v2\/users\/6"}],"replies":[{"embeddable":true,"href":"https:\/\/azurally.com\/pt\/wp-json\/wp\/v2\/comments?post=13789"}],"version-history":[{"count":0,"href":"https:\/\/azurally.com\/pt\/wp-json\/wp\/v2\/pages\/13789\/revisions"}],"up":[{"embeddable":true,"href":"https:\/\/azurally.com\/pt\/wp-json\/wp\/v2\/pages\/13923"}],"wp:featuredmedia":[{"embeddable":true,"href":"https:\/\/azurally.com\/pt\/wp-json\/wp\/v2\/media\/13791"}],"wp:attachment":[{"href":"https:\/\/azurally.com\/pt\/wp-json\/wp\/v2\/media?parent=13789"}],"wp:term":[{"taxonomy":"category","embeddable":true,"href":"https:\/\/azurally.com\/pt\/wp-json\/wp\/v2\/categories?post=13789"}],"curies":[{"name":"wp","href":"https:\/\/api.w.org\/{rel}","templated":true}]}}