{"id":13785,"date":"2024-10-23T09:53:41","date_gmt":"2024-10-23T07:53:41","guid":{"rendered":"https:\/\/azurally.com\/neuromarketing-dos-consumidores-as-pessoas"},"modified":"2026-02-26T09:41:15","modified_gmt":"2026-02-26T08:41:15","slug":"neuromarketing-consumidores-pessoas","status":"publish","type":"page","link":"https:\/\/azurally.com\/pt\/agencia-digital\/redes-sociais\/artigos-redes-sociais\/neuromarketing-consumidores-pessoas","title":{"rendered":"Neuromarketing: Do Consumidor \u00e0 Pessoa"},"content":{"rendered":"","protected":false},"excerpt":{"rendered":"<p>Hoje em dia, termos como &#8220;personal branding&#8221;, &#8220;influencer&#8221; ou &#8220;engagement&#8221; s\u00e3o comuns na vida quotidiana. \u00c9 apenas uma amostra do importante papel que o marketing desempenha na sociedade atual. J\u00e1 n\u00e3o est\u00e1 apenas relacionado com produtos, mas tamb\u00e9m diretamente associado a pessoas. A marca pessoal \u00e9 como um CV, mas melhor. Um influenciador \u00e9 como aquela pessoa que aparece no an\u00fancio da m\u00e1quina de lavar loi\u00e7a e diz &#8220;n\u00e3o compro outra&#8221;. Todos eles s\u00e3o reflexos de uma evolu\u00e7\u00e3o constante, mais do que necess\u00e1ria no mundo da publicidade, onde &#8220;renovar ou morrer&#8221; \u00e9 o mantra obrigat\u00f3rio.     <\/p>\n","protected":false},"author":6,"featured_media":13788,"parent":13917,"menu_order":0,"comment_status":"closed","ping_status":"closed","template":"page-publicacion.php","meta":{"_acf_changed":false,"footnotes":""},"categories":[428,447,448],"class_list":["post-13785","page","type-page","status-publish","has-post-thumbnail","hentry","category-publicacoes","category-artigos-redes-sociais","category-artigos-redes-sociais-2"],"acf":[],"_links":{"self":[{"href":"https:\/\/azurally.com\/pt\/wp-json\/wp\/v2\/pages\/13785","targetHints":{"allow":["GET"]}}],"collection":[{"href":"https:\/\/azurally.com\/pt\/wp-json\/wp\/v2\/pages"}],"about":[{"href":"https:\/\/azurally.com\/pt\/wp-json\/wp\/v2\/types\/page"}],"author":[{"embeddable":true,"href":"https:\/\/azurally.com\/pt\/wp-json\/wp\/v2\/users\/6"}],"replies":[{"embeddable":true,"href":"https:\/\/azurally.com\/pt\/wp-json\/wp\/v2\/comments?post=13785"}],"version-history":[{"count":0,"href":"https:\/\/azurally.com\/pt\/wp-json\/wp\/v2\/pages\/13785\/revisions"}],"up":[{"embeddable":true,"href":"https:\/\/azurally.com\/pt\/wp-json\/wp\/v2\/pages\/13917"}],"wp:featuredmedia":[{"embeddable":true,"href":"https:\/\/azurally.com\/pt\/wp-json\/wp\/v2\/media\/13788"}],"wp:attachment":[{"href":"https:\/\/azurally.com\/pt\/wp-json\/wp\/v2\/media?parent=13785"}],"wp:term":[{"taxonomy":"category","embeddable":true,"href":"https:\/\/azurally.com\/pt\/wp-json\/wp\/v2\/categories?post=13785"}],"curies":[{"name":"wp","href":"https:\/\/api.w.org\/{rel}","templated":true}]}}