{"id":13784,"date":"2024-10-22T16:17:58","date_gmt":"2024-10-22T14:17:58","guid":{"rendered":"https:\/\/azurally.com\/a-importancia-da-hreflang"},"modified":"2026-02-25T17:46:14","modified_gmt":"2026-02-25T16:46:14","slug":"importancia-hreflang","status":"publish","type":"page","link":"https:\/\/azurally.com\/pt\/agencia-digital\/seo\/artigos-seo\/importancia-hreflang","title":{"rendered":"Import\u00e2ncia da Hreflang no SEO"},"content":{"rendered":"","protected":false},"excerpt":{"rendered":"<p>Alguns s\u00edtios Web est\u00e3o dispon\u00edveis em mais do que uma l\u00edngua. Se for este o teu caso, a implementa\u00e7\u00e3o de uma estrat\u00e9gia lingu\u00edstica ajudar\u00e1 os motores de busca a compreender qual \u00e9 a vers\u00e3o lingu\u00edstica ideal para mostrar aos utilizadores uma ou outra, de acordo com factores como a sua geolocaliza\u00e7\u00e3o: \u00e9 aqui que entra o Hreflang. <\/p>\n","protected":false},"author":4,"featured_media":13766,"parent":13896,"menu_order":0,"comment_status":"closed","ping_status":"closed","template":"page-publicacion.php","meta":{"_acf_changed":false,"footnotes":""},"categories":[428,429,444],"class_list":["post-13784","page","type-page","status-publish","has-post-thumbnail","hentry","category-publicacoes","category-artigos-seo","category-artigos-seo-2"],"acf":[],"_links":{"self":[{"href":"https:\/\/azurally.com\/pt\/wp-json\/wp\/v2\/pages\/13784","targetHints":{"allow":["GET"]}}],"collection":[{"href":"https:\/\/azurally.com\/pt\/wp-json\/wp\/v2\/pages"}],"about":[{"href":"https:\/\/azurally.com\/pt\/wp-json\/wp\/v2\/types\/page"}],"author":[{"embeddable":true,"href":"https:\/\/azurally.com\/pt\/wp-json\/wp\/v2\/users\/4"}],"replies":[{"embeddable":true,"href":"https:\/\/azurally.com\/pt\/wp-json\/wp\/v2\/comments?post=13784"}],"version-history":[{"count":0,"href":"https:\/\/azurally.com\/pt\/wp-json\/wp\/v2\/pages\/13784\/revisions"}],"up":[{"embeddable":true,"href":"https:\/\/azurally.com\/pt\/wp-json\/wp\/v2\/pages\/13896"}],"wp:featuredmedia":[{"embeddable":true,"href":"https:\/\/azurally.com\/pt\/wp-json\/wp\/v2\/media\/13766"}],"wp:attachment":[{"href":"https:\/\/azurally.com\/pt\/wp-json\/wp\/v2\/media?parent=13784"}],"wp:term":[{"taxonomy":"category","embeddable":true,"href":"https:\/\/azurally.com\/pt\/wp-json\/wp\/v2\/categories?post=13784"}],"curies":[{"name":"wp","href":"https:\/\/api.w.org\/{rel}","templated":true}]}}