{"id":13777,"date":"2024-10-22T16:16:14","date_gmt":"2024-10-22T14:16:14","guid":{"rendered":"https:\/\/azurally.com\/reengajamento-a-poderosa-uniao-entre-criatividade-e-automacao"},"modified":"2026-02-26T09:45:52","modified_gmt":"2026-02-26T08:45:52","slug":"re-engagement-criatividade-automatizacao","status":"publish","type":"page","link":"https:\/\/azurally.com\/pt\/agencia-digital\/criatividade\/artigos-criatividade\/re-engagement-criatividade-automatizacao","title":{"rendered":"Re-Engagement: Uni\u00e3o entre Criatividade e Automatiza\u00e7\u00e3o"},"content":{"rendered":"","protected":false},"excerpt":{"rendered":"<p>Estamos a viver a ascens\u00e3o da automatiza\u00e7\u00e3o nas campanhas publicit\u00e1rias. Estamos a levar a cabo estrat\u00e9gias cada vez mais eficazes onde o resultado est\u00e1 acima de tudo, mas \u00e9 um resultado imediato que muitas vezes deixa de lado a sa\u00fade da marca em prol do aumento do lucro. Para evitar que isso se torne um problema para os anunciantes a longo prazo, gostar\u00edamos de defender o conceito de Re Engagement.  <\/p>\n","protected":false},"author":6,"featured_media":13781,"parent":13923,"menu_order":0,"comment_status":"closed","ping_status":"closed","template":"page-publicacion.php","meta":{"_acf_changed":false,"footnotes":""},"categories":[428,445,446],"class_list":["post-13777","page","type-page","status-publish","has-post-thumbnail","hentry","category-publicacoes","category-publicacoes-criatividade","category-publicacoes-de-criatividade"],"acf":[],"_links":{"self":[{"href":"https:\/\/azurally.com\/pt\/wp-json\/wp\/v2\/pages\/13777","targetHints":{"allow":["GET"]}}],"collection":[{"href":"https:\/\/azurally.com\/pt\/wp-json\/wp\/v2\/pages"}],"about":[{"href":"https:\/\/azurally.com\/pt\/wp-json\/wp\/v2\/types\/page"}],"author":[{"embeddable":true,"href":"https:\/\/azurally.com\/pt\/wp-json\/wp\/v2\/users\/6"}],"replies":[{"embeddable":true,"href":"https:\/\/azurally.com\/pt\/wp-json\/wp\/v2\/comments?post=13777"}],"version-history":[{"count":0,"href":"https:\/\/azurally.com\/pt\/wp-json\/wp\/v2\/pages\/13777\/revisions"}],"up":[{"embeddable":true,"href":"https:\/\/azurally.com\/pt\/wp-json\/wp\/v2\/pages\/13923"}],"wp:featuredmedia":[{"embeddable":true,"href":"https:\/\/azurally.com\/pt\/wp-json\/wp\/v2\/media\/13781"}],"wp:attachment":[{"href":"https:\/\/azurally.com\/pt\/wp-json\/wp\/v2\/media?parent=13777"}],"wp:term":[{"taxonomy":"category","embeddable":true,"href":"https:\/\/azurally.com\/pt\/wp-json\/wp\/v2\/categories?post=13777"}],"curies":[{"name":"wp","href":"https:\/\/api.w.org\/{rel}","templated":true}]}}