{"id":13770,"date":"2024-10-22T13:53:28","date_gmt":"2024-10-22T11:53:28","guid":{"rendered":"https:\/\/azurally.com\/o-que-e-o-aso"},"modified":"2026-02-25T17:46:54","modified_gmt":"2026-02-25T16:46:54","slug":"o-que-e-aso","status":"publish","type":"page","link":"https:\/\/azurally.com\/pt\/agencia-digital\/seo\/artigos-seo\/o-que-e-aso","title":{"rendered":"ASO: O que \u00e9 e Porque \u00e9 Importante"},"content":{"rendered":"","protected":false},"excerpt":{"rendered":"<p>Quando tens um site, o SEO ajuda a coloc\u00e1-lo no topo da SERP do Google, o que atrair\u00e1 uma boa quantidade de tr\u00e1fego org\u00e2nico. No caso de uma aplica\u00e7\u00e3o, podes aplicar t\u00e9cnicas de SEO semelhantes para a posicionar no TOPO da APP Store da Apple e da Google Play Store. Este tipo de SEO para aplica\u00e7\u00f5es \u00e9 conhecido como ASO, que significa App Store Optimisation.  <\/p>\n","protected":false},"author":4,"featured_media":13774,"parent":13896,"menu_order":0,"comment_status":"closed","ping_status":"closed","template":"page-publicacion.php","meta":{"_acf_changed":false,"footnotes":""},"categories":[428,429,444],"class_list":["post-13770","page","type-page","status-publish","has-post-thumbnail","hentry","category-publicacoes","category-artigos-seo","category-artigos-seo-2"],"acf":[],"_links":{"self":[{"href":"https:\/\/azurally.com\/pt\/wp-json\/wp\/v2\/pages\/13770","targetHints":{"allow":["GET"]}}],"collection":[{"href":"https:\/\/azurally.com\/pt\/wp-json\/wp\/v2\/pages"}],"about":[{"href":"https:\/\/azurally.com\/pt\/wp-json\/wp\/v2\/types\/page"}],"author":[{"embeddable":true,"href":"https:\/\/azurally.com\/pt\/wp-json\/wp\/v2\/users\/4"}],"replies":[{"embeddable":true,"href":"https:\/\/azurally.com\/pt\/wp-json\/wp\/v2\/comments?post=13770"}],"version-history":[{"count":0,"href":"https:\/\/azurally.com\/pt\/wp-json\/wp\/v2\/pages\/13770\/revisions"}],"up":[{"embeddable":true,"href":"https:\/\/azurally.com\/pt\/wp-json\/wp\/v2\/pages\/13896"}],"wp:featuredmedia":[{"embeddable":true,"href":"https:\/\/azurally.com\/pt\/wp-json\/wp\/v2\/media\/13774"}],"wp:attachment":[{"href":"https:\/\/azurally.com\/pt\/wp-json\/wp\/v2\/media?parent=13770"}],"wp:term":[{"taxonomy":"category","embeddable":true,"href":"https:\/\/azurally.com\/pt\/wp-json\/wp\/v2\/categories?post=13770"}],"curies":[{"name":"wp","href":"https:\/\/api.w.org\/{rel}","templated":true}]}}