{"id":13763,"date":"2024-10-22T12:59:36","date_gmt":"2024-10-22T10:59:36","guid":{"rendered":"https:\/\/azurally.com\/inp-nova-metrica-principal-no-core-web-vitals"},"modified":"2026-02-25T17:48:23","modified_gmt":"2026-02-25T16:48:23","slug":"inp-nova-metrica-core-web-vitals","status":"publish","type":"page","link":"https:\/\/azurally.com\/pt\/agencia-digital\/seo\/artigos-seo\/inp-nova-metrica-core-web-vitals","title":{"rendered":"INP: Nova M\u00e9trica do Core Web Vitals"},"content":{"rendered":"","protected":false},"excerpt":{"rendered":"<p>No dia 12 de mar\u00e7o, a Google vai introduzir uma nova m\u00e9trica essencial de avalia\u00e7\u00e3o da Web, a INP (Interaction to Next Paint). Embora esta m\u00e9trica n\u00e3o seja inteiramente nova, uma vez que foi adicionada em 2022 a t\u00edtulo experimental, a partir do pr\u00f3ximo m\u00eas de mar\u00e7o ir\u00e1 substituir o FID (First Input Delay) como m\u00e9trica de refer\u00eancia no Core Web Vitals. <\/p>\n","protected":false},"author":4,"featured_media":13767,"parent":13896,"menu_order":0,"comment_status":"closed","ping_status":"closed","template":"page-publicacion.php","meta":{"_acf_changed":false,"footnotes":""},"categories":[428,429,444],"class_list":["post-13763","page","type-page","status-publish","has-post-thumbnail","hentry","category-publicacoes","category-artigos-seo","category-artigos-seo-2"],"acf":[],"_links":{"self":[{"href":"https:\/\/azurally.com\/pt\/wp-json\/wp\/v2\/pages\/13763","targetHints":{"allow":["GET"]}}],"collection":[{"href":"https:\/\/azurally.com\/pt\/wp-json\/wp\/v2\/pages"}],"about":[{"href":"https:\/\/azurally.com\/pt\/wp-json\/wp\/v2\/types\/page"}],"author":[{"embeddable":true,"href":"https:\/\/azurally.com\/pt\/wp-json\/wp\/v2\/users\/4"}],"replies":[{"embeddable":true,"href":"https:\/\/azurally.com\/pt\/wp-json\/wp\/v2\/comments?post=13763"}],"version-history":[{"count":0,"href":"https:\/\/azurally.com\/pt\/wp-json\/wp\/v2\/pages\/13763\/revisions"}],"up":[{"embeddable":true,"href":"https:\/\/azurally.com\/pt\/wp-json\/wp\/v2\/pages\/13896"}],"wp:featuredmedia":[{"embeddable":true,"href":"https:\/\/azurally.com\/pt\/wp-json\/wp\/v2\/media\/13767"}],"wp:attachment":[{"href":"https:\/\/azurally.com\/pt\/wp-json\/wp\/v2\/media?parent=13763"}],"wp:term":[{"taxonomy":"category","embeddable":true,"href":"https:\/\/azurally.com\/pt\/wp-json\/wp\/v2\/categories?post=13763"}],"curies":[{"name":"wp","href":"https:\/\/api.w.org\/{rel}","templated":true}]}}