{"id":13665,"date":"2025-10-07T11:11:57","date_gmt":"2025-10-07T09:11:57","guid":{"rendered":"https:\/\/azurally.com\/a-web-agentica-como-a-ia-esta-a-tornar-as-nossas-vidas-mais-faceis"},"modified":"2026-02-26T09:32:26","modified_gmt":"2026-02-26T08:32:26","slug":"web-agentica-ia-vidas-mais-faceis","status":"publish","type":"page","link":"https:\/\/azurally.com\/pt\/inteligencia-artificial\/artigos-inteligencia-artificial\/web-agentica-ia-vidas-mais-faceis","title":{"rendered":"Web Agentica: Como a IA Torna as Nossas Vidas Mais F\u00e1ceis"},"content":{"rendered":"","protected":false},"excerpt":{"rendered":"<p>Paralelamente a outras tecnologias, estamos a assistir ao aparecimento da Agentic Web: uma evolu\u00e7\u00e3o da Web em que os utilizadores j\u00e1 n\u00e3o interagem diretamente com p\u00e1ginas ou API, mas atrav\u00e9s de agentes inteligentes que pensam e agem como assistentes digitais.  <\/p>\n","protected":false},"author":4,"featured_media":13670,"parent":13941,"menu_order":0,"comment_status":"closed","ping_status":"closed","template":"page-publicacion.php","meta":{"_acf_changed":false,"footnotes":""},"categories":[428,437],"class_list":["post-13665","page","type-page","status-publish","has-post-thumbnail","hentry","category-publicacoes","category-publicacoes-ia"],"acf":[],"_links":{"self":[{"href":"https:\/\/azurally.com\/pt\/wp-json\/wp\/v2\/pages\/13665","targetHints":{"allow":["GET"]}}],"collection":[{"href":"https:\/\/azurally.com\/pt\/wp-json\/wp\/v2\/pages"}],"about":[{"href":"https:\/\/azurally.com\/pt\/wp-json\/wp\/v2\/types\/page"}],"author":[{"embeddable":true,"href":"https:\/\/azurally.com\/pt\/wp-json\/wp\/v2\/users\/4"}],"replies":[{"embeddable":true,"href":"https:\/\/azurally.com\/pt\/wp-json\/wp\/v2\/comments?post=13665"}],"version-history":[{"count":0,"href":"https:\/\/azurally.com\/pt\/wp-json\/wp\/v2\/pages\/13665\/revisions"}],"up":[{"embeddable":true,"href":"https:\/\/azurally.com\/pt\/wp-json\/wp\/v2\/pages\/13941"}],"wp:featuredmedia":[{"embeddable":true,"href":"https:\/\/azurally.com\/pt\/wp-json\/wp\/v2\/media\/13670"}],"wp:attachment":[{"href":"https:\/\/azurally.com\/pt\/wp-json\/wp\/v2\/media?parent=13665"}],"wp:term":[{"taxonomy":"category","embeddable":true,"href":"https:\/\/azurally.com\/pt\/wp-json\/wp\/v2\/categories?post=13665"}],"curies":[{"name":"wp","href":"https:\/\/api.w.org\/{rel}","templated":true}]}}