{"id":13663,"date":"2025-09-29T17:28:36","date_gmt":"2025-09-29T15:28:36","guid":{"rendered":"https:\/\/azurally.com\/pr-geo-friendly-da-visibilidade-ao-prestigio"},"modified":"2026-02-26T09:32:57","modified_gmt":"2026-02-26T08:32:57","slug":"pr-geo-friendly-visibilidade-prestigio","status":"publish","type":"page","link":"https:\/\/azurally.com\/pt\/inteligencia-artificial\/artigos-inteligencia-artificial\/pr-geo-friendly-visibilidade-prestigio","title":{"rendered":"PR Geo-Friendly: Da Visibilidade ao Prest\u00edgio"},"content":{"rendered":"","protected":false},"excerpt":{"rendered":"<p>GEO Friendly PR fala de novos tempos, novas oportunidades e novos desafios; e GEO Friendly Communication, adaptado \u00e0 IA, n\u00e3o \u00e9 exce\u00e7\u00e3o.<\/p>\n","protected":false},"author":11,"featured_media":13664,"parent":13941,"menu_order":0,"comment_status":"closed","ping_status":"closed","template":"page-publicacion.php","meta":{"_acf_changed":false,"footnotes":""},"categories":[428,437],"class_list":["post-13663","page","type-page","status-publish","has-post-thumbnail","hentry","category-publicacoes","category-publicacoes-ia"],"acf":[],"_links":{"self":[{"href":"https:\/\/azurally.com\/pt\/wp-json\/wp\/v2\/pages\/13663","targetHints":{"allow":["GET"]}}],"collection":[{"href":"https:\/\/azurally.com\/pt\/wp-json\/wp\/v2\/pages"}],"about":[{"href":"https:\/\/azurally.com\/pt\/wp-json\/wp\/v2\/types\/page"}],"author":[{"embeddable":true,"href":"https:\/\/azurally.com\/pt\/wp-json\/wp\/v2\/users\/11"}],"replies":[{"embeddable":true,"href":"https:\/\/azurally.com\/pt\/wp-json\/wp\/v2\/comments?post=13663"}],"version-history":[{"count":0,"href":"https:\/\/azurally.com\/pt\/wp-json\/wp\/v2\/pages\/13663\/revisions"}],"up":[{"embeddable":true,"href":"https:\/\/azurally.com\/pt\/wp-json\/wp\/v2\/pages\/13941"}],"wp:featuredmedia":[{"embeddable":true,"href":"https:\/\/azurally.com\/pt\/wp-json\/wp\/v2\/media\/13664"}],"wp:attachment":[{"href":"https:\/\/azurally.com\/pt\/wp-json\/wp\/v2\/media?parent=13663"}],"wp:term":[{"taxonomy":"category","embeddable":true,"href":"https:\/\/azurally.com\/pt\/wp-json\/wp\/v2\/categories?post=13663"}],"curies":[{"name":"wp","href":"https:\/\/api.w.org\/{rel}","templated":true}]}}