{"id":13643,"date":"2025-12-26T10:15:53","date_gmt":"2025-12-26T09:15:53","guid":{"rendered":"https:\/\/azurally.com\/de-seo-a-geo-e-de-geo-a-oso-otimizacao-omnisearch-oso"},"modified":"2026-02-27T13:19:08","modified_gmt":"2026-02-27T12:19:08","slug":"seo-geo-oso-otimizacao-omnisearch","status":"publish","type":"page","link":"https:\/\/azurally.com\/pt\/agencia-digital\/seo\/artigos-seo\/seo-geo-oso-otimizacao-omnisearch","title":{"rendered":"De SEO a GEO e OSO: Otimiza\u00e7\u00e3o Omnisearch"},"content":{"rendered":"","protected":false},"excerpt":{"rendered":"<p>Durante anos, a Pegada Digital de uma marca foi definida pela sua presen\u00e7a nos motores de busca tradicionais, nas redes sociais, nos marketplaces e nos meios digitais. No entanto, a irrup\u00e7\u00e3o da intelig\u00eancia artificial transformou este cen\u00e1rio: j\u00e1 n\u00e3o basta aparecer no Google ou nas redes, \u00e9 agora fundamental estar presente no universo da IA e dos assistentes inteligentes, bem como a sua evolu\u00e7\u00e3o para Omni-Search (Omnisearch). <\/p>\n","protected":false},"author":13,"featured_media":13644,"parent":13896,"menu_order":0,"comment_status":"closed","ping_status":"closed","template":"page-publicacion.php","meta":{"_acf_changed":false,"footnotes":""},"categories":[428,429],"class_list":["post-13643","page","type-page","status-publish","has-post-thumbnail","hentry","category-publicacoes","category-artigos-seo"],"acf":[],"_links":{"self":[{"href":"https:\/\/azurally.com\/pt\/wp-json\/wp\/v2\/pages\/13643","targetHints":{"allow":["GET"]}}],"collection":[{"href":"https:\/\/azurally.com\/pt\/wp-json\/wp\/v2\/pages"}],"about":[{"href":"https:\/\/azurally.com\/pt\/wp-json\/wp\/v2\/types\/page"}],"author":[{"embeddable":true,"href":"https:\/\/azurally.com\/pt\/wp-json\/wp\/v2\/users\/13"}],"replies":[{"embeddable":true,"href":"https:\/\/azurally.com\/pt\/wp-json\/wp\/v2\/comments?post=13643"}],"version-history":[{"count":0,"href":"https:\/\/azurally.com\/pt\/wp-json\/wp\/v2\/pages\/13643\/revisions"}],"up":[{"embeddable":true,"href":"https:\/\/azurally.com\/pt\/wp-json\/wp\/v2\/pages\/13896"}],"wp:featuredmedia":[{"embeddable":true,"href":"https:\/\/azurally.com\/pt\/wp-json\/wp\/v2\/media\/13644"}],"wp:attachment":[{"href":"https:\/\/azurally.com\/pt\/wp-json\/wp\/v2\/media?parent=13643"}],"wp:term":[{"taxonomy":"category","embeddable":true,"href":"https:\/\/azurally.com\/pt\/wp-json\/wp\/v2\/categories?post=13643"}],"curies":[{"name":"wp","href":"https:\/\/api.w.org\/{rel}","templated":true}]}}